{"id":366,"date":"2022-12-30T18:28:03","date_gmt":"2022-12-30T18:28:03","guid":{"rendered":"https:\/\/lungofilms.com\/?page_id=366"},"modified":"2025-11-04T02:33:19","modified_gmt":"2025-11-04T02:33:19","slug":"directors","status":"publish","type":"page","link":"https:\/\/lungofilms.com\/es\/directors\/","title":{"rendered":"directors"},"content":{"rendered":"\t\t<div data-elementor-type=\"wp-page\" data-elementor-id=\"366\" class=\"elementor elementor-366\">\n\t\t\t\t\t\t\t\t\t<section class=\"elementor-section elementor-top-section elementor-element elementor-element-03f6244 elementor-section-full_width elementor-section-height-min-height elementor-section-content-middle elementor-section-height-default elementor-section-items-middle\" data-id=\"03f6244\" data-element_type=\"section\">\n\t\t\t\t\t\t<div class=\"elementor-container elementor-column-gap-no\">\n\t\t\t\t\t<div class=\"elementor-column elementor-col-100 elementor-top-column elementor-element elementor-element-5286a5a\" data-id=\"5286a5a\" data-element_type=\"column\">\n\t\t\t<div class=\"elementor-widget-wrap elementor-element-populated\">\n\t\t\t\t\t\t\t\t<section class=\"elementor-section elementor-inner-section elementor-element elementor-element-0e7488b elementor-section-full_width elementor-section-height-default elementor-section-height-default\" data-id=\"0e7488b\" data-element_type=\"section\">\n\t\t\t\t\t\t<div class=\"elementor-container elementor-column-gap-default\">\n\t\t\t\t\t<div class=\"elementor-column elementor-col-100 elementor-inner-column elementor-element elementor-element-852619b\" data-id=\"852619b\" data-element_type=\"column\" data-settings=\"{&quot;background_background&quot;:&quot;classic&quot;,&quot;background_motion_fx_motion_fx_scrolling&quot;:&quot;yes&quot;,&quot;background_motion_fx_translateY_effect&quot;:&quot;yes&quot;,&quot;background_motion_fx_translateY_direction&quot;:&quot;negative&quot;,&quot;background_motion_fx_translateY_speed&quot;:{&quot;unit&quot;:&quot;px&quot;,&quot;size&quot;:10,&quot;sizes&quot;:[]},&quot;background_motion_fx_translateY_affectedRange&quot;:{&quot;unit&quot;:&quot;%&quot;,&quot;size&quot;:&quot;&quot;,&quot;sizes&quot;:{&quot;start&quot;:0,&quot;end&quot;:100}},&quot;background_motion_fx_devices&quot;:[&quot;desktop&quot;,&quot;tablet&quot;,&quot;mobile&quot;]}\">\n\t\t\t<div class=\"elementor-widget-wrap elementor-element-populated\">\n\t\t\t\t\t\t\t\t\t<\/div>\n\t\t<\/div>\n\t\t\t\t\t\t\t<\/div>\n\t\t<\/section>\n\t\t\t\t<section class=\"elementor-section elementor-inner-section elementor-element elementor-element-2c11a55 elementor-section-full_width animated-slow elementor-section-height-default elementor-section-height-default elementor-invisible\" data-id=\"2c11a55\" data-element_type=\"section\" data-settings=\"{&quot;animation&quot;:&quot;fadeIn&quot;}\">\n\t\t\t\t\t\t<div class=\"elementor-container elementor-column-gap-no\">\n\t\t\t\t\t<div class=\"elementor-column elementor-col-50 elementor-inner-column elementor-element elementor-element-e91673f videoColumn animated-slow elementor-invisible\" data-id=\"e91673f\" data-element_type=\"column\" data-settings=\"{&quot;animation&quot;:&quot;fadeIn&quot;}\">\n\t\t\t<div class=\"elementor-widget-wrap elementor-element-populated\">\n\t\t\t\t\t\t\t\t<div class=\"elementor-element elementor-element-aea2634 elementor-widget elementor-widget-html\" data-id=\"aea2634\" data-element_type=\"widget\" data-widget_type=\"html.default\">\n\t\t\t\t<div class=\"elementor-widget-container\">\n\t\t\t<a href=\"https:\/\/lungofilms.com\/directors\/santiago-chaumont\/\" onmouseover=\"directorVideo8.play()\" onmouseout=\"directorVideo8.pause();this.currentTime=0;\"><p>SANTIAGO CHAUMONT<\/p><video id=\"directorVideo8\" muted playsinline loop>\n<source src=\"https:\/\/lungofilms.com\/wp-content\/uploads\/2023\/01\/mcdonalds_santiago_chaumont.mp4\" type=\"video\/mp4\"><\/source>\n<\/video><\/a>\n\t\t<\/div>\n\t\t\t\t<\/div>\n\t\t\t\t\t<\/div>\n\t\t<\/div>\n\t\t\t\t<div class=\"elementor-column elementor-col-50 elementor-inner-column elementor-element elementor-element-24e182c videoColumn animated-slow elementor-invisible\" data-id=\"24e182c\" data-element_type=\"column\" data-settings=\"{&quot;animation&quot;:&quot;fadeIn&quot;}\">\n\t\t\t<div class=\"elementor-widget-wrap elementor-element-populated\">\n\t\t\t\t\t\t\t\t<div class=\"elementor-element elementor-element-a74b228 elementor-widget elementor-widget-html\" data-id=\"a74b228\" data-element_type=\"widget\" data-widget_type=\"html.default\">\n\t\t\t\t<div class=\"elementor-widget-container\">\n\t\t\t<a href=\"https:\/\/lungofilms.com\/directors\/agustin-portela\/\" onmouseover=\"directorVideo6.play()\" onmouseout=\"directorVideo6.pause();this.currentTime=0;\"><p>AGUST\u00cdN PORTELA<\/p><video id=\"directorVideo6\" muted playsinline loop  poster=\"https:\/\/lungofilms.com\/wp-content\/uploads\/2023\/01\/agustin_portela_paulo_londra.png\">\n<source src=\"https:\/\/lungofilms.com\/wp-content\/uploads\/2023\/01\/agustin_portela_paulo_londra.mp4\" type=\"video\/mp4\"><\/source>\n<\/video><\/a>\n\t\t<\/div>\n\t\t\t\t<\/div>\n\t\t\t\t\t<\/div>\n\t\t<\/div>\n\t\t\t\t\t\t\t<\/div>\n\t\t<\/section>\n\t\t\t\t<section class=\"elementor-section elementor-inner-section elementor-element elementor-element-1a9123d elementor-section-full_width animated-slow elementor-section-height-default elementor-section-height-default elementor-invisible\" data-id=\"1a9123d\" data-element_type=\"section\" data-settings=\"{&quot;animation&quot;:&quot;fadeIn&quot;}\">\n\t\t\t\t\t\t<div class=\"elementor-container elementor-column-gap-no\">\n\t\t\t\t\t<div class=\"elementor-column elementor-col-50 elementor-inner-column elementor-element elementor-element-8672df7 videoColumn animated-slow elementor-invisible\" data-id=\"8672df7\" data-element_type=\"column\" data-settings=\"{&quot;animation&quot;:&quot;fadeIn&quot;}\">\n\t\t\t<div class=\"elementor-widget-wrap elementor-element-populated\">\n\t\t\t\t\t\t\t\t<div class=\"elementor-element elementor-element-c554e80 elementor-widget elementor-widget-html\" data-id=\"c554e80\" data-element_type=\"widget\" data-widget_type=\"html.default\">\n\t\t\t\t<div class=\"elementor-widget-container\">\n\t\t\t<a href=\"https:\/\/lungofilms.com\/directors\/javi-altholz\/\" onmouseover=\"directorVideo5.play()\" onmouseout=\"directorVideo5.pause();this.currentTime=0;\"><p>JAVI ALTHOLZ<\/p><video id=\"directorVideo5\" muted playsinline loop  poster=\"https:\/\/lungofilms.com\/wp-content\/uploads\/2023\/01\/iglu_javi_altholz.png\">\n<source src=\"https:\/\/lungofilms.com\/wp-content\/uploads\/2023\/01\/iglu_javi_altholz.mp4\" type=\"video\/mp4\"><\/source>\n<\/video><\/a>\n\t\t<\/div>\n\t\t\t\t<\/div>\n\t\t\t\t\t<\/div>\n\t\t<\/div>\n\t\t\t\t<div class=\"elementor-column elementor-col-50 elementor-inner-column elementor-element elementor-element-9caad6e videoColumn animated-slow elementor-invisible\" data-id=\"9caad6e\" data-element_type=\"column\" data-settings=\"{&quot;animation&quot;:&quot;fadeIn&quot;}\">\n\t\t\t<div class=\"elementor-widget-wrap elementor-element-populated\">\n\t\t\t\t\t\t\t\t<div class=\"elementor-element elementor-element-c40b99e elementor-widget elementor-widget-html\" data-id=\"c40b99e\" data-element_type=\"widget\" data-widget_type=\"html.default\">\n\t\t\t\t<div class=\"elementor-widget-container\">\n\t\t\t<a href=\"https:\/\/lungofilms.com\/directors\/fede-scarpelli\/\" onmouseover=\"directorVideo2.play()\" onmouseout=\"directorVideo2.pause();this.currentTime=0;\"><p>FEDE SCARPELLI<\/p><video id=\"directorVideo2\" muted playsinline loop  poster=\"https:\/\/lungofilms.com\/wp-content\/uploads\/2023\/01\/funcional_fede_scarpelli.png\">\n<source src=\"https:\/\/lungofilms.com\/wp-content\/uploads\/2023\/01\/funcional_fede_scarpelli.mp4\" type=\"video\/mp4\"><\/source>\n<\/video><\/a>\n\t\t<\/div>\n\t\t\t\t<\/div>\n\t\t\t\t\t<\/div>\n\t\t<\/div>\n\t\t\t\t\t\t\t<\/div>\n\t\t<\/section>\n\t\t\t\t<section class=\"elementor-section elementor-inner-section elementor-element elementor-element-50e5450 elementor-section-full_width animated-slow elementor-section-height-default elementor-section-height-default elementor-invisible\" data-id=\"50e5450\" data-element_type=\"section\" data-settings=\"{&quot;animation&quot;:&quot;fadeIn&quot;}\">\n\t\t\t\t\t\t<div class=\"elementor-container elementor-column-gap-no\">\n\t\t\t\t\t<div class=\"elementor-column elementor-col-50 elementor-inner-column elementor-element elementor-element-b18bf1a videoColumn animated-slow elementor-invisible\" data-id=\"b18bf1a\" data-element_type=\"column\" data-settings=\"{&quot;animation&quot;:&quot;fadeIn&quot;}\">\n\t\t\t<div class=\"elementor-widget-wrap elementor-element-populated\">\n\t\t\t\t\t\t\t\t<div class=\"elementor-element elementor-element-ec726c1 elementor-widget elementor-widget-html\" data-id=\"ec726c1\" data-element_type=\"widget\" data-widget_type=\"html.default\">\n\t\t\t\t<div class=\"elementor-widget-container\">\n\t\t\t<a href=\"https:\/\/lungofilms.com\/directors\/mariano-hueter\/\" onmouseover=\"directorVideo14.play()\" onmouseout=\"directorVideo5.pause();this.currentTime=0;\"><p>MARIANO HUETER<\/p><video id=\"directorVideo14\" muted playsinline loop  poster=\"https:\/\/lungofilms.com\/wp-content\/uploads\/2025\/11\/thumb-11.jpg\">\n<source src=\"https:\/\/lungofilms.com\/wp-content\/uploads\/2025\/11\/trailer_el_mundo_de_mateo_v1-1080p.mp4\" type=\"video\/mp4\"><\/source>\n<\/video><\/a>\n\t\t<\/div>\n\t\t\t\t<\/div>\n\t\t\t\t\t<\/div>\n\t\t<\/div>\n\t\t\t\t<div class=\"elementor-column elementor-col-50 elementor-inner-column elementor-element elementor-element-49b96c2 videoColumn animated-slow elementor-invisible\" data-id=\"49b96c2\" data-element_type=\"column\" data-settings=\"{&quot;animation&quot;:&quot;fadeIn&quot;}\">\n\t\t\t<div class=\"elementor-widget-wrap elementor-element-populated\">\n\t\t\t\t\t\t\t\t<div class=\"elementor-element elementor-element-119df96 elementor-widget elementor-widget-html\" data-id=\"119df96\" data-element_type=\"widget\" data-widget_type=\"html.default\">\n\t\t\t\t<div class=\"elementor-widget-container\">\n\t\t\t<a href=\"https:\/\/lungofilms.com\/directors\/ale-cifuentes\/\" onmouseover=\"directorVideo15.play()\" onmouseout=\"directorVideo2.pause();this.currentTime=0;\"><p>ALE CIFUENTES<\/p><video id=\"directorVideo15\" muted playsinline loop  poster=\"https:\/\/lungofilms.com\/wp-content\/uploads\/2025\/11\/thumb-22.jpg\">\n<source src=\"https:\/\/lungofilms.com\/wp-content\/uploads\/2025\/11\/03_eximia-1080p.mp4\" type=\"video\/mp4\"><\/source>\n<\/video><\/a>\n\t\t<\/div>\n\t\t\t\t<\/div>\n\t\t\t\t\t<\/div>\n\t\t<\/div>\n\t\t\t\t\t\t\t<\/div>\n\t\t<\/section>\n\t\t\t\t<section class=\"elementor-section elementor-inner-section elementor-element elementor-element-e0d4dfc elementor-section-full_width animated-slow elementor-section-height-default elementor-section-height-default elementor-invisible\" data-id=\"e0d4dfc\" data-element_type=\"section\" data-settings=\"{&quot;animation&quot;:&quot;fadeIn&quot;}\">\n\t\t\t\t\t\t<div class=\"elementor-container elementor-column-gap-no\">\n\t\t\t\t\t<div class=\"elementor-column elementor-col-50 elementor-inner-column elementor-element elementor-element-2ce315f videoColumn animated-slow elementor-invisible\" data-id=\"2ce315f\" data-element_type=\"column\" data-settings=\"{&quot;animation&quot;:&quot;fadeIn&quot;}\">\n\t\t\t<div class=\"elementor-widget-wrap elementor-element-populated\">\n\t\t\t\t\t\t\t\t<div class=\"elementor-element elementor-element-7f8ae82 elementor-widget elementor-widget-html\" data-id=\"7f8ae82\" data-element_type=\"widget\" data-widget_type=\"html.default\">\n\t\t\t\t<div class=\"elementor-widget-container\">\n\t\t\t<a href=\"https:\/\/lungofilms.com\/directors\/agus-farias\/\" onmouseover=\"directorVideo4.play()\" onmouseout=\"directorVideo4.pause();this.currentTime=0;\"><p>AGUS FAR\u00cdAS<\/p><video id=\"directorVideo4\" muted playsinline loop  poster=\"https:\/\/lungofilms.com\/wp-content\/uploads\/2023\/01\/carefree_fere_farias.png\">\n<source src=\"https:\/\/lungofilms.com\/wp-content\/uploads\/2023\/01\/carefree_fere_farias.mp4\" type=\"video\/mp4\"><\/source>\n<\/video><\/a>\n\t\t<\/div>\n\t\t\t\t<\/div>\n\t\t\t\t\t<\/div>\n\t\t<\/div>\n\t\t\t\t<div class=\"elementor-column elementor-col-50 elementor-inner-column elementor-element elementor-element-93e8ac1 videoColumn animated-slow elementor-invisible\" data-id=\"93e8ac1\" data-element_type=\"column\" data-settings=\"{&quot;animation&quot;:&quot;fadeIn&quot;}\">\n\t\t\t<div class=\"elementor-widget-wrap elementor-element-populated\">\n\t\t\t\t\t\t\t\t<div class=\"elementor-element elementor-element-47e50df elementor-widget elementor-widget-html\" data-id=\"47e50df\" data-element_type=\"widget\" data-widget_type=\"html.default\">\n\t\t\t\t<div class=\"elementor-widget-container\">\n\t\t\t<a href=\"https:\/\/lungofilms.com\/directors\/fere-roca\/\" onmouseover=\"directorVideo3.play()\" onmouseout=\"directorVideo3.pause();this.currentTime=0;\"><p>FERE ROCA<\/p><video id=\"directorVideo3\" muted playsinline loop  poster=\"https:\/\/lungofilms.com\/wp-content\/uploads\/2023\/01\/ibuevanol_fere_roca2.png\">\n<source src=\"https:\/\/lungofilms.com\/wp-content\/uploads\/2023\/03\/ibuevanol_fere_roca2.mp4\" type=\"video\/mp4\"><\/source>\n<\/video><\/a>\n\t\t<\/div>\n\t\t\t\t<\/div>\n\t\t\t\t\t<\/div>\n\t\t<\/div>\n\t\t\t\t\t\t\t<\/div>\n\t\t<\/section>\n\t\t\t\t<section class=\"elementor-section elementor-inner-section elementor-element elementor-element-e8b6c6d elementor-section-full_width animated-slow elementor-section-height-default elementor-section-height-default elementor-invisible\" data-id=\"e8b6c6d\" data-element_type=\"section\" data-settings=\"{&quot;animation&quot;:&quot;fadeIn&quot;}\">\n\t\t\t\t\t\t<div class=\"elementor-container elementor-column-gap-no\">\n\t\t\t\t\t<div class=\"elementor-column elementor-col-50 elementor-inner-column elementor-element elementor-element-f2d2a37 videoColumn animated-slow elementor-invisible\" data-id=\"f2d2a37\" data-element_type=\"column\" data-settings=\"{&quot;animation&quot;:&quot;fadeIn&quot;}\">\n\t\t\t<div class=\"elementor-widget-wrap elementor-element-populated\">\n\t\t\t\t\t\t\t\t<div class=\"elementor-element elementor-element-e6a393f elementor-widget elementor-widget-html\" data-id=\"e6a393f\" data-element_type=\"widget\" data-widget_type=\"html.default\">\n\t\t\t\t<div class=\"elementor-widget-container\">\n\t\t\t<a href=\"https:\/\/lungofilms.com\/directors\/radames\/\" onmouseover=\"directorVideo7.play()\" onmouseout=\"directorVideo7.pause();this.currentTime=0;\"><p>RADAMES<\/p><video id=\"directorVideo7\" muted playsinline loop  poster=\"https:\/\/lungofilms.com\/wp-content\/uploads\/2023\/01\/michelob_radames.png\">\n<source src=\"https:\/\/lungofilms.com\/wp-content\/uploads\/2023\/01\/michelob_radames.mp4\" type=\"video\/mp4\"><\/source>\n<\/video><\/a>\n\t\t<\/div>\n\t\t\t\t<\/div>\n\t\t\t\t\t<\/div>\n\t\t<\/div>\n\t\t\t\t<div class=\"elementor-column elementor-col-50 elementor-inner-column elementor-element elementor-element-9356c7f videoColumn animated-slow elementor-invisible\" data-id=\"9356c7f\" data-element_type=\"column\" data-settings=\"{&quot;animation&quot;:&quot;fadeIn&quot;}\">\n\t\t\t<div class=\"elementor-widget-wrap elementor-element-populated\">\n\t\t\t\t\t\t\t\t<div class=\"elementor-element elementor-element-1a19178 elementor-widget elementor-widget-html\" data-id=\"1a19178\" data-element_type=\"widget\" data-widget_type=\"html.default\">\n\t\t\t\t<div class=\"elementor-widget-container\">\n\t\t\t<a href=\"https:\/\/lungofilms.com\/directors\/lauren-pringle\/\" onmouseover=\"directorVideo9.play()\" onmouseout=\"directorVideo9.pause();this.currentTime=0;\"><p>LAUREN PRINGLE<\/p><video id=\"directorVideo9\" muted playsinline loop>\n<source src=\"https:\/\/lungofilms.com\/wp-content\/uploads\/2023\/02\/Anima_Animus_Lauren_Pringle.mp4\" type=\"video\/mp4\"><\/source>\n<\/video><\/a>\n\t\t<\/div>\n\t\t\t\t<\/div>\n\t\t\t\t\t<\/div>\n\t\t<\/div>\n\t\t\t\t\t\t\t<\/div>\n\t\t<\/section>\n\t\t\t\t<section class=\"elementor-section elementor-inner-section elementor-element elementor-element-4c98c1c elementor-section-full_width animated-slow elementor-section-height-default elementor-section-height-default elementor-invisible\" data-id=\"4c98c1c\" data-element_type=\"section\" data-settings=\"{&quot;animation&quot;:&quot;fadeIn&quot;}\">\n\t\t\t\t\t\t<div class=\"elementor-container elementor-column-gap-no\">\n\t\t\t\t\t<div class=\"elementor-column elementor-col-50 elementor-inner-column elementor-element elementor-element-000b67e videoColumn animated-slow elementor-invisible\" data-id=\"000b67e\" data-element_type=\"column\" data-settings=\"{&quot;animation&quot;:&quot;fadeIn&quot;}\">\n\t\t\t<div class=\"elementor-widget-wrap elementor-element-populated\">\n\t\t\t\t\t\t\t\t<div class=\"elementor-element elementor-element-e5d48e2 elementor-widget elementor-widget-html\" data-id=\"e5d48e2\" data-element_type=\"widget\" data-widget_type=\"html.default\">\n\t\t\t\t<div class=\"elementor-widget-container\">\n\t\t\t<a href=\"https:\/\/lungofilms.com\/directors\/rubi-del-talisman\/\" onmouseover=\"directorVideo10.play()\" onmouseout=\"directorVideo10.pause();this.currentTime=0;\"><p>RUB\u00cd DEL TALISMAN<\/p><video id=\"directorVideo10\" muted playsinline loop  poster=\"https:\/\/lungofilms.com\/wp-content\/uploads\/2025\/08\/femrev_rubi-del-talisman_image.jpeg\">\n<source src=\"https:\/\/lungofilms.com\/wp-content\/uploads\/2025\/08\/FEMREV-4K-1.mp4\" type=\"video\/mp4\"><\/source>\n<\/video><\/a>\n\t\t<\/div>\n\t\t\t\t<\/div>\n\t\t\t\t\t<\/div>\n\t\t<\/div>\n\t\t\t\t<div class=\"elementor-column elementor-col-50 elementor-inner-column elementor-element elementor-element-080c7c5 videoColumn animated-slow elementor-invisible\" data-id=\"080c7c5\" data-element_type=\"column\" data-settings=\"{&quot;animation&quot;:&quot;fadeIn&quot;}\">\n\t\t\t<div class=\"elementor-widget-wrap elementor-element-populated\">\n\t\t\t\t\t\t\t\t<div class=\"elementor-element elementor-element-180e803 elementor-widget elementor-widget-html\" data-id=\"180e803\" data-element_type=\"widget\" data-widget_type=\"html.default\">\n\t\t\t\t<div class=\"elementor-widget-container\">\n\t\t\t<a href=\"https:\/\/lungofilms.com\/directors\/jeff-carrera\/\" onmouseover=\"directorVideo12.play()\" onmouseout=\"directorVideo12.pause();this.currentTime=0;\"><p>JEFF CARRERA<\/p><video id=\"directorVideo12\" muted playsinline loop  poster=\"https:\/\/lungofilms.com\/wp-content\/uploads\/2025\/09\/thumb-5-1.jpg\">\n<source src=\"https:\/\/lungofilms.com\/wp-content\/uploads\/2025\/09\/1-Papa-Johns-Rap-Directors-Cut_1.mov\" type=\"video\/mov\"><\/source>\n<\/video><\/a>\n\t\t<\/div>\n\t\t\t\t<\/div>\n\t\t\t\t\t<\/div>\n\t\t<\/div>\n\t\t\t\t\t\t\t<\/div>\n\t\t<\/section>\n\t\t\t\t\t<\/div>\n\t\t<\/div>\n\t\t\t\t\t\t\t<\/div>\n\t\t<\/section>\n\t\t\t\t\t\t\t<\/div>\n\t\t","protected":false},"excerpt":{"rendered":"<p>SANTIAGO CHAUMONT AGUST\u00cdN PORTELA JAVI ALTHOLZ FEDE SCARPELLI MARIANO HUETER ALE CIFUENTES AGUS FAR\u00cdAS FERE ROCA RADAMES LAUREN PRINGLE RUB\u00cd DEL TALISMAN JEFF CARRERA<\/p>","protected":false},"author":1,"featured_media":0,"parent":0,"menu_order":0,"comment_status":"closed","ping_status":"closed","template":"elementor_header_footer","meta":{"footnotes":""},"acf":[],"_links":{"self":[{"href":"https:\/\/lungofilms.com\/es\/wp-json\/wp\/v2\/pages\/366"}],"collection":[{"href":"https:\/\/lungofilms.com\/es\/wp-json\/wp\/v2\/pages"}],"about":[{"href":"https:\/\/lungofilms.com\/es\/wp-json\/wp\/v2\/types\/page"}],"author":[{"embeddable":true,"href":"https:\/\/lungofilms.com\/es\/wp-json\/wp\/v2\/users\/1"}],"replies":[{"embeddable":true,"href":"https:\/\/lungofilms.com\/es\/wp-json\/wp\/v2\/comments?post=366"}],"version-history":[{"count":472,"href":"https:\/\/lungofilms.com\/es\/wp-json\/wp\/v2\/pages\/366\/revisions"}],"predecessor-version":[{"id":5399,"href":"https:\/\/lungofilms.com\/es\/wp-json\/wp\/v2\/pages\/366\/revisions\/5399"}],"wp:attachment":[{"href":"https:\/\/lungofilms.com\/es\/wp-json\/wp\/v2\/media?parent=366"}],"curies":[{"name":"wp","href":"https:\/\/api.w.org\/{rel}","templated":true}]}}